{"id":4780,"date":"2014-10-31T16:34:22","date_gmt":"2014-10-31T15:34:22","guid":{"rendered":"http:\/\/www.pmlangelonovelli.it\/?page_id=4780"},"modified":"2019-03-21T14:32:43","modified_gmt":"2019-03-21T13:32:43","slug":"privacy","status":"publish","type":"page","link":"http:\/\/www.pmlangelonovelli.it\/?page_id=4780","title":{"rendered":"Privacy"},"content":{"rendered":"<p><strong>1.Policy di navigazione<\/strong><\/p>\n<p>Provveditoria Marittima Ligure Angelo Novelli S.r.l. in qualit\u00e0 di Titolare del trattamento gestisce i dati personali nel pieno rispetto della normativa Privacy vigente \u2013 Nuovo Regolamento Europeo GDPR 2016\/679.<br \/>\nI sistemi informatici e le procedure software preposte al funzionamento di questo sito web acquisiscono, nel corso del loro normale esercizio e per la sola durata della connessione, alcuni dati personali la cui trasmissione \u00e8 implicita nell\u2019uso dei protocolli di comunicazione di Internet.<br \/>\nSi tratta d\u2019informazioni che non sono raccolte per essere associate a interessati identificati, ma che per loro stessa natura potrebbero, attraverso elaborazioni ed associazioni con dati detenuti da terzi, permettere di identificare gli utenti.<br \/>\nIn questa categoria di dati rientrano gli indirizzi IP o i nomi a dominio dei computer utilizzati dagli utenti che si connettono al sito, gli indirizzi in notazione URI (Uniform Resource Identifier) delle risorse richieste, l\u2019orario della richiesta, il metodo utilizzato nel sottoporre la richiesta al server, la dimensione del file ottenuto in risposta, il codice numerico indicante lo stato della risposta data dal server (buon fine, errore, ecc.) ed altri parametri relativi al sistema operativo e all\u2019ambiente informatico dell\u2019utente.<br \/>\nQuesti dati vengono utilizzati al solo fine di ricavare informazioni statistiche anonime sull\u2019uso del sito e per controllarne il corretto funzionamento. I dati potrebbero essere utilizzati per l\u2019accertamento di responsabilit\u00e0 in caso di ipotetici reati informatici ai danni del sito e per accertamenti in caso di eventuali contenziosi.<\/p>\n<p><strong>2.Dati forniti volontariamente dall\u2019utente<\/strong><\/p>\n<p>L\u2019invio facoltativo, esplicito e volontario di posta elettronica agli indirizzi eventualmente indicati su questo sito comporta la successiva acquisizione dell\u2019indirizzo del mittente, necessario per rispondere alle richieste, nonch\u00e9 degli eventuali altri dati personali inseriti nella missiva.<br \/>\nL\u2019utente pu\u00f2 visitare il sito dell\u2019organizzazione senza dover fornire alcun dato personale, fatto salvo per il modulo \u201ccontatti\u201d ove verr\u00e0 richiesto all\u2019utente d\u2019inserire i dati personali per poter essere ricontattato e poter cos\u00ec rispondere alle richieste d\u2019informazione.<br \/>\nLa mancata accettazione del link \u201cPrivacy\u201d (apposizione di una spunta e seguente tasto INVIA) presente in calce al modulo comporter\u00e0 l\u2019impossibilit\u00e0 di acquisire i dati e procedere con le finalit\u00e0 previste.<\/p>\n<p><strong>3.Modalit\u00e0 del trattamento, conservazione e finalit\u00e0<\/strong><\/p>\n<p>I dati personali sono trattati con strumenti automatizzati per il tempo strettamente necessario a conseguire gli scopi per cui sono stati raccolti, le finalit\u00e0 perseguite sono:<\/p>\n<ul>\n<li>navigazione sul presente sito internet,<\/li>\n<li>eventuale richiesta di contatto.<\/li>\n<\/ul>\n<p>I dati verranno conservati solo per il tempo utile a gestire le richieste avanzate.<br \/>\nSpecifiche misure di sicurezza sono osservate per prevenire la perdita dei dati, usi illeciti o non corretti ed accessi non autorizzati.<\/p>\n<p><strong>4.Destinatari dei dati personali<\/strong><\/p>\n<p>I dati personali non saranno oggetto di diffusione bens\u00ec di comunicazione a soggetti appositamente individuati quali Responsabili del trattamento (interni\/esterni) ed incaricati a diretto riporto dei Responsabili. Il personale interno ed esterno \u00e8 legittimato al trattamento nei limiti delle competenze attribuite ed in confomit\u00e0 alle istruzioni impartite dal Titolare.<\/p>\n<p><strong>5.Trasferimento dei dati personali verso paesi terzi<\/strong><\/p>\n<p>Il Titolare del trattamento non trasferisce i dati personali verso paesi extra UE.<\/p>\n<p><strong>6.Revoca del consenso<\/strong><\/p>\n<p>Con riferimento all\u2019articolo 7 del GDPR \u00e8 consentito all\u2019interessato revocare in qualsiasi momento il consenso eventualmente prestato attraverso la compilazione del modulo \u201ccontatti\u201d (vedi paragrafo 8).<\/p>\n<p><strong>7.Processi decisionali automatizzati<\/strong><\/p>\n<p>il Titolare non effettua trattamenti che consistano in processi decisionali automatizzati sui dati trattati.<\/p>\n<p><strong>8.Diritti degli interessati<\/strong><\/p>\n<p>L\u2019utente\/L\u2019interessato potr\u00e0, in ogni momento, esercitare i Suoi diritti come previsti dal Regolamento Europeo GDPR 2016\/679 scrivendo una mail a: contabilita@pmlangelonovelli.it.<br \/>\nI diritti che l\u2019interessato potr\u00e0 esercitare sono i seguenti:<\/p>\n<ul>\n<li>ottenere la conferma che sia o meno in corso un trattamento di dati personali che la riguardano e, in tal caso, di ottenere l&#8217;accesso ai dati personali e a tutte le informazioni previste dell\u2019art. 15 del GDPR,<\/li>\n<li>ottenere la rettifica dei dati personali inesatti che la riguardano senza ingiustificato ritardo. Tenuto conto delle finalit\u00e0 del trattamento lei ha il diritto di ottenere l\u2019integrazione dei dati personali incompleti, anche fornendo una dichiarazione integrativa,<\/li>\n<li>ottenere la cancellazione dei dati personali che la riguardano senza ingiustificato ritardo,<\/li>\n<li>ottenere la limitazione del trattamento quando ricorra una delle ipotesi previste dall\u2019art. 18 del GDPR,<\/li>\n<li>ricevere in un formato strutturato, di uso comune e leggibile da dispositivo automatico i dati personali che la riguardano forniti alla scrivente societ\u00e0,<\/li>\n<li>opporsi in qualsiasi momento, per motivi connessi alla sua situazione particolare, al trattamento dei dati personali che la riguardano ai sensi dell\u2019articolo 6, paragrafo 1, lettere e) o f) del GDPR.<\/li>\n<\/ul>\n<p>In questo caso la societ\u00e0 si asterr\u00e0 dal trattare ulteriormente i dati personali salvo l&#8217;esistenza di motivi legittimi cogenti per procedere al trattamento che prevalgono sugli interessi, sui diritti e sulle libert\u00e0 dell\u2019interessato oppure per l\u2019accertamento, l\u2019esercizio o la difesa di un diritto in sede giudiziaria,<\/p>\n<ul>\n<li>non essere sottoposto a una decisione basata unicamente sul trattamento automatizzato, che produca effetti giuridici che la riguardano o che incida in modo analogo significativamente sulla sua persona.<\/li>\n<\/ul>\n<p>\u00c8 infine un diritto dell\u2019interessato proporre reclamo all\u2019Autorit\u00e0 di controllo dello stato di residenza.<\/p>\n<p><strong>Cookie Policy<\/strong><\/p>\n<p>I cookie sono brevi file di testo che vengono scaricati sul dispositivo dell&#8217;Utente quando si visita un sito web. Ad ogni visita successiva i cookie sono re-inviati al sito web che li ha originati (cookie di prime parti) o a un altro sito che li riconosce (cookie di terze parti). I cookie consentono a un sito web di riconoscere il dispositivo dell\u2019Utente. Essi hanno diverse finalit\u00e0 come, per esempio, consentire di navigare efficientemente tra le pagine, ricordare i siti preferiti e, in generale, migliorare l&#8217;esperienza di navigazione.<\/p>\n<p><strong>1-Tipologia di cookie<\/strong><\/p>\n<p>I cookie possono essere di prima o di terza parte, dove per \u201cprima parte\u201d si intendono i cookie che riportano come dominio il nostro sito, mentre per \u201cterza parte\u201d si intendono i cookie che sono relativi a domini esterni.<br \/>\nI cookie di terze parti sono necessariamente installati da un soggetto esterno, sempre definito come \u201cterza parte\u201d, non gestito dal sito.<\/p>\n<p><strong>2-Natura dei cookie<\/strong><\/p>\n<p>Relativamente alla natura dei cookie, ne esistono di diversi tipi:<\/p>\n<p><strong>2.1 Cookie tecnici<\/strong><br \/>\nI cookie definiti tecnici vengono utilizzati al solo fine di \u201ceffettuare la trasmissione di una comunicazione su una rete di comunicazione elettronica, o nella misura strettamente necessaria al fornitore di un servizio della societ\u00e0 dell\u2019informazione esplicitamente richiesto dall\u2019abbonato o dall\u2019utente a erogare tale servizio\u201d. Essi non vengono utilizzati per scopi ulteriori e sono normalmente installati direttamente dal titolare o gestore del sito web e possono essere suddivisi in:<\/p>\n<ul>\n<li>cookie di navigazione o di sessione, che garantiscono la normale navigazione e fruizione del sito web (permettendo, ad esempio, di realizzare un acquisto o autenticarsi per accedere ad aree riservate); essi sono di fatto necessari per il corretto funzionamento del sito;<\/li>\n<li>cookie analytics, assimilati ai cookie tecnici laddove utilizzati direttamente dal gestore del sito per raccogliere informazioni, in forma aggregata, sul numero degli utenti e su come questi visitano il sito stesso, al fine di migliorare le performance del sito;<\/li>\n<li>cookie di funzionalit\u00e0, che permettono all\u2019utente la navigazione in funzione di una serie di criteri selezionati (ad esempio, la lingua, i prodotti selezionati per l\u2019acquisto) al fine di migliorare il servizio reso allo stesso. Per l\u2019installazione di tali cookie non \u00e8 richiesto il preventivo consenso degli utenti.<\/li>\n<\/ul>\n<p><strong>2.2 Cookie di profilazione<\/strong><br \/>\nI cookie di profilazione sono volti a creare profili relativi all\u2019utente e vengono utilizzati al fine di inviare messaggi pubblicitari in linea con le preferenze manifestate dallo stesso nell\u2019ambito della navigazione in rete. Per l\u2019utilizzo dei cookie di profilazione \u00e8 richiesto il consenso dell\u2019interessato. Secondo il provvedimento del Garante l\u2019utente pu\u00f2 autorizzare o negare il consenso all\u2019installazione dei cookie.<\/p>\n<p><strong>2.3 Cookie di terze parti<\/strong><br \/>\nI cookie di analisi di terze parti servono a raccogliere informazioni sull\u2019 utilizzo del sito effettuato da parte degli utenti in forma anonima (pagine visitate, tempo di permanenza, origini del traffico di provenienza, provenienza geografica, et\u00e0, genere e interessi) per definire campagne di marketing. Questi cookie sono inviati da domini di terze parti, esterni al nostro sito.\u2028In caso di cookie di terze parti, il sito non ha un controllo diretto dei singoli cookie e non pu\u00f2 controllarli (non pu\u00f2 n\u00e9 installarli direttamente n\u00e9 cancellarli).<br \/>\nPuoi comunque gestire questi cookie attraverso le impostazioni del browser (segui le istruzioni riportate pi\u00f9 avanti).<\/p>\n<p><strong>3-Cookie installati su questo sito<\/strong><\/p>\n<p><strong>3.1 Cookie tecnici<\/strong><br \/>\nI cookie tecnici sono quelli il cui utilizzo non richiede il consenso dell\u2019Utente.<br \/>\nTra detti cookie tecnici, segnaliamo i cookie essenziali, detti anche &#8220;strictly necessary&#8221; (strettamente necessari), che abilitano funzioni, senza le quali non sarebbe possibile utilizzare appieno il sito Internet.<br \/>\nRientrano tra i cookie essenziali quelli di sessione, utilizzati per gestire l\u2019autenticazione ai servizi on-line e alle aree riservate e che permettono l\u2019esplorazione sicura ed efficiente del sito web.<br \/>\nI cookie essenziali non possono essere disabilitati, perch\u00e9 questa azione impedirebbe l\u2019utilizzo dei servizi on line e\/o la navigazione.<\/p>\n","protected":false},"excerpt":{"rendered":"<p>1.Policy di navigazione Provveditoria Marittima Ligure Angelo Novelli S.r.l. in qualit\u00e0 di Titolare del trattamento gestisce i dati personali nel pieno rispetto della normativa Privacy vigente \u2013 Nuovo Regolamento Europeo GDPR 2016\/679. I sistemi informatici e le procedure software preposte al funzionamento di questo sito web acquisiscono, nel corso del loro normale esercizio e per [&hellip;]<\/p>\n","protected":false},"author":1,"featured_media":0,"parent":0,"menu_order":0,"comment_status":"open","ping_status":"open","template":"","meta":[],"_links":{"self":[{"href":"http:\/\/www.pmlangelonovelli.it\/index.php?rest_route=\/wp\/v2\/pages\/4780"}],"collection":[{"href":"http:\/\/www.pmlangelonovelli.it\/index.php?rest_route=\/wp\/v2\/pages"}],"about":[{"href":"http:\/\/www.pmlangelonovelli.it\/index.php?rest_route=\/wp\/v2\/types\/page"}],"author":[{"embeddable":true,"href":"http:\/\/www.pmlangelonovelli.it\/index.php?rest_route=\/wp\/v2\/users\/1"}],"replies":[{"embeddable":true,"href":"http:\/\/www.pmlangelonovelli.it\/index.php?rest_route=%2Fwp%2Fv2%2Fcomments&post=4780"}],"version-history":[{"count":4,"href":"http:\/\/www.pmlangelonovelli.it\/index.php?rest_route=\/wp\/v2\/pages\/4780\/revisions"}],"predecessor-version":[{"id":4964,"href":"http:\/\/www.pmlangelonovelli.it\/index.php?rest_route=\/wp\/v2\/pages\/4780\/revisions\/4964"}],"wp:attachment":[{"href":"http:\/\/www.pmlangelonovelli.it\/index.php?rest_route=%2Fwp%2Fv2%2Fmedia&parent=4780"}],"curies":[{"name":"wp","href":"https:\/\/api.w.org\/{rel}","templated":true}]}}